{"id":136,"date":"2022-05-25T08:42:33","date_gmt":"2022-05-25T08:42:33","guid":{"rendered":"https:\/\/startersites.io\/blocksy\/barber-shop\/?post_type=product&#038;p=136"},"modified":"2026-03-11T08:32:06","modified_gmt":"2026-03-11T07:32:06","slug":"ullamcorper-dapibus","status":"publish","type":"product","link":"https:\/\/www.packpods.labo.infochartreux.fr\/?product=ullamcorper-dapibus","title":{"rendered":"\u0152uf parfait &#038; cr\u00e8me de champignons."},"content":{"rendered":"<p>Ce pod recr\u00e9e l\u2019atmosph\u00e8re d\u2019une cuisine chaleureuse avec un \u0153uf parfait accompagn\u00e9 d\u2019une cr\u00e8me de champignons onctueuse. La projection met en sc\u00e8ne la vapeur qui s\u2019\u00e9l\u00e8ve doucement du plat tandis que les notes olfactives de sous-bois et de noisette enveloppent l\u2019exp\u00e9rience et renforcent la sensation de r\u00e9confort.<\/p>\n","protected":false},"excerpt":{"rendered":"<p>Une entr\u00e9e douce et cr\u00e9meuse aux parfums de sous-bois qui plonge dans une ambiance chaleureuse et r\u00e9confortante.<\/p>\n","protected":false},"featured_media":1166,"comment_status":"open","ping_status":"closed","template":"","meta":[],"product_brand":[],"product_cat":[29],"product_tag":[],"class_list":{"0":"post-136","1":"product","2":"type-product","3":"status-publish","4":"has-post-thumbnail","6":"product_cat-entree","8":"first","9":"instock","10":"shipping-taxable","11":"purchasable","12":"product-type-simple"},"yoast_head":"<!-- This site is optimized with the Yoast SEO plugin v27.4 - https:\/\/yoast.com\/product\/yoast-seo-wordpress\/ -->\n<title>\u0152uf parfait &amp; cr\u00e8me de champignons. - Packpods<\/title>\n<meta name=\"robots\" content=\"index, follow, max-snippet:-1, max-image-preview:large, max-video-preview:-1\" \/>\n<link rel=\"canonical\" href=\"https:\/\/www.packpods.labo.infochartreux.fr\/?product=ullamcorper-dapibus\" \/>\n<meta property=\"og:locale\" content=\"fr_FR\" \/>\n<meta property=\"og:type\" content=\"article\" \/>\n<meta property=\"og:title\" content=\"\u0152uf parfait &amp; cr\u00e8me de champignons. - Packpods\" \/>\n<meta property=\"og:description\" content=\"Une entr\u00e9e douce et cr\u00e9meuse aux parfums de sous-bois qui plonge dans une ambiance chaleureuse et r\u00e9confortante.\" \/>\n<meta property=\"og:url\" content=\"https:\/\/www.packpods.labo.infochartreux.fr\/?product=ullamcorper-dapibus\" \/>\n<meta property=\"og:site_name\" content=\"Packpods\" \/>\n<meta property=\"article:modified_time\" content=\"2026-03-11T07:32:06+00:00\" \/>\n<meta property=\"og:image\" content=\"https:\/\/www.packpods.labo.infochartreux.fr\/wp-content\/uploads\/2022\/05\/Capture-decran-2026-03-11-083038.png\" \/>\n\t<meta property=\"og:image:width\" content=\"433\" \/>\n\t<meta property=\"og:image:height\" content=\"484\" \/>\n\t<meta property=\"og:image:type\" content=\"image\/png\" \/>\n<meta name=\"twitter:card\" content=\"summary_large_image\" \/>\n<script type=\"application\/ld+json\" class=\"yoast-schema-graph\">{\"@context\":\"https:\\\/\\\/schema.org\",\"@graph\":[{\"@type\":\"WebPage\",\"@id\":\"https:\\\/\\\/www.packpods.labo.infochartreux.fr\\\/?product=ullamcorper-dapibus\",\"url\":\"https:\\\/\\\/www.packpods.labo.infochartreux.fr\\\/?product=ullamcorper-dapibus\",\"name\":\"\u0152uf parfait & cr\u00e8me de champignons. - Packpods\",\"isPartOf\":{\"@id\":\"https:\\\/\\\/www.packpods.labo.infochartreux.fr\\\/#website\"},\"primaryImageOfPage\":{\"@id\":\"https:\\\/\\\/www.packpods.labo.infochartreux.fr\\\/?product=ullamcorper-dapibus#primaryimage\"},\"image\":{\"@id\":\"https:\\\/\\\/www.packpods.labo.infochartreux.fr\\\/?product=ullamcorper-dapibus#primaryimage\"},\"thumbnailUrl\":\"https:\\\/\\\/www.packpods.labo.infochartreux.fr\\\/wp-content\\\/uploads\\\/2022\\\/05\\\/Capture-decran-2026-03-11-083038.png\",\"datePublished\":\"2022-05-25T08:42:33+00:00\",\"dateModified\":\"2026-03-11T07:32:06+00:00\",\"breadcrumb\":{\"@id\":\"https:\\\/\\\/www.packpods.labo.infochartreux.fr\\\/?product=ullamcorper-dapibus#breadcrumb\"},\"inLanguage\":\"fr-FR\",\"potentialAction\":[{\"@type\":\"ReadAction\",\"target\":[\"https:\\\/\\\/www.packpods.labo.infochartreux.fr\\\/?product=ullamcorper-dapibus\"]}]},{\"@type\":\"ImageObject\",\"inLanguage\":\"fr-FR\",\"@id\":\"https:\\\/\\\/www.packpods.labo.infochartreux.fr\\\/?product=ullamcorper-dapibus#primaryimage\",\"url\":\"https:\\\/\\\/www.packpods.labo.infochartreux.fr\\\/wp-content\\\/uploads\\\/2022\\\/05\\\/Capture-decran-2026-03-11-083038.png\",\"contentUrl\":\"https:\\\/\\\/www.packpods.labo.infochartreux.fr\\\/wp-content\\\/uploads\\\/2022\\\/05\\\/Capture-decran-2026-03-11-083038.png\",\"width\":433,\"height\":484},{\"@type\":\"BreadcrumbList\",\"@id\":\"https:\\\/\\\/www.packpods.labo.infochartreux.fr\\\/?product=ullamcorper-dapibus#breadcrumb\",\"itemListElement\":[{\"@type\":\"ListItem\",\"position\":1,\"name\":\"Accueil\",\"item\":\"https:\\\/\\\/www.packpods.labo.infochartreux.fr\\\/\"},{\"@type\":\"ListItem\",\"position\":2,\"name\":\"Nos pods\",\"item\":\"https:\\\/\\\/www.packpods.labo.infochartreux.fr\\\/?page_id=33\"},{\"@type\":\"ListItem\",\"position\":3,\"name\":\"\u0152uf parfait &#038; cr\u00e8me de champignons.\"}]},{\"@type\":\"WebSite\",\"@id\":\"https:\\\/\\\/www.packpods.labo.infochartreux.fr\\\/#website\",\"url\":\"https:\\\/\\\/www.packpods.labo.infochartreux.fr\\\/\",\"name\":\"Packpods\",\"description\":\"\",\"publisher\":{\"@id\":\"https:\\\/\\\/www.packpods.labo.infochartreux.fr\\\/#organization\"},\"potentialAction\":[{\"@type\":\"SearchAction\",\"target\":{\"@type\":\"EntryPoint\",\"urlTemplate\":\"https:\\\/\\\/www.packpods.labo.infochartreux.fr\\\/?s={search_term_string}\"},\"query-input\":{\"@type\":\"PropertyValueSpecification\",\"valueRequired\":true,\"valueName\":\"search_term_string\"}}],\"inLanguage\":\"fr-FR\"},{\"@type\":\"Organization\",\"@id\":\"https:\\\/\\\/www.packpods.labo.infochartreux.fr\\\/#organization\",\"name\":\"Packpods\",\"url\":\"https:\\\/\\\/www.packpods.labo.infochartreux.fr\\\/\",\"logo\":{\"@type\":\"ImageObject\",\"inLanguage\":\"fr-FR\",\"@id\":\"https:\\\/\\\/www.packpods.labo.infochartreux.fr\\\/#\\\/schema\\\/logo\\\/image\\\/\",\"url\":\"https:\\\/\\\/www.packpods.labo.infochartreux.fr\\\/wp-content\\\/uploads\\\/2026\\\/03\\\/Capture-decran-2026-03-17-210847.png\",\"contentUrl\":\"https:\\\/\\\/www.packpods.labo.infochartreux.fr\\\/wp-content\\\/uploads\\\/2026\\\/03\\\/Capture-decran-2026-03-17-210847.png\",\"width\":337,\"height\":298,\"caption\":\"Packpods\"},\"image\":{\"@id\":\"https:\\\/\\\/www.packpods.labo.infochartreux.fr\\\/#\\\/schema\\\/logo\\\/image\\\/\"}}]}<\/script>\n<!-- \/ Yoast SEO plugin. -->","yoast_head_json":{"title":"\u0152uf parfait & cr\u00e8me de champignons. - Packpods","robots":{"index":"index","follow":"follow","max-snippet":"max-snippet:-1","max-image-preview":"max-image-preview:large","max-video-preview":"max-video-preview:-1"},"canonical":"https:\/\/www.packpods.labo.infochartreux.fr\/?product=ullamcorper-dapibus","og_locale":"fr_FR","og_type":"article","og_title":"\u0152uf parfait & cr\u00e8me de champignons. - Packpods","og_description":"Une entr\u00e9e douce et cr\u00e9meuse aux parfums de sous-bois qui plonge dans une ambiance chaleureuse et r\u00e9confortante.","og_url":"https:\/\/www.packpods.labo.infochartreux.fr\/?product=ullamcorper-dapibus","og_site_name":"Packpods","article_modified_time":"2026-03-11T07:32:06+00:00","og_image":[{"width":433,"height":484,"url":"https:\/\/www.packpods.labo.infochartreux.fr\/wp-content\/uploads\/2022\/05\/Capture-decran-2026-03-11-083038.png","type":"image\/png"}],"twitter_card":"summary_large_image","schema":{"@context":"https:\/\/schema.org","@graph":[{"@type":"WebPage","@id":"https:\/\/www.packpods.labo.infochartreux.fr\/?product=ullamcorper-dapibus","url":"https:\/\/www.packpods.labo.infochartreux.fr\/?product=ullamcorper-dapibus","name":"\u0152uf parfait & cr\u00e8me de champignons. - Packpods","isPartOf":{"@id":"https:\/\/www.packpods.labo.infochartreux.fr\/#website"},"primaryImageOfPage":{"@id":"https:\/\/www.packpods.labo.infochartreux.fr\/?product=ullamcorper-dapibus#primaryimage"},"image":{"@id":"https:\/\/www.packpods.labo.infochartreux.fr\/?product=ullamcorper-dapibus#primaryimage"},"thumbnailUrl":"https:\/\/www.packpods.labo.infochartreux.fr\/wp-content\/uploads\/2022\/05\/Capture-decran-2026-03-11-083038.png","datePublished":"2022-05-25T08:42:33+00:00","dateModified":"2026-03-11T07:32:06+00:00","breadcrumb":{"@id":"https:\/\/www.packpods.labo.infochartreux.fr\/?product=ullamcorper-dapibus#breadcrumb"},"inLanguage":"fr-FR","potentialAction":[{"@type":"ReadAction","target":["https:\/\/www.packpods.labo.infochartreux.fr\/?product=ullamcorper-dapibus"]}]},{"@type":"ImageObject","inLanguage":"fr-FR","@id":"https:\/\/www.packpods.labo.infochartreux.fr\/?product=ullamcorper-dapibus#primaryimage","url":"https:\/\/www.packpods.labo.infochartreux.fr\/wp-content\/uploads\/2022\/05\/Capture-decran-2026-03-11-083038.png","contentUrl":"https:\/\/www.packpods.labo.infochartreux.fr\/wp-content\/uploads\/2022\/05\/Capture-decran-2026-03-11-083038.png","width":433,"height":484},{"@type":"BreadcrumbList","@id":"https:\/\/www.packpods.labo.infochartreux.fr\/?product=ullamcorper-dapibus#breadcrumb","itemListElement":[{"@type":"ListItem","position":1,"name":"Accueil","item":"https:\/\/www.packpods.labo.infochartreux.fr\/"},{"@type":"ListItem","position":2,"name":"Nos pods","item":"https:\/\/www.packpods.labo.infochartreux.fr\/?page_id=33"},{"@type":"ListItem","position":3,"name":"\u0152uf parfait &#038; cr\u00e8me de champignons."}]},{"@type":"WebSite","@id":"https:\/\/www.packpods.labo.infochartreux.fr\/#website","url":"https:\/\/www.packpods.labo.infochartreux.fr\/","name":"Packpods","description":"","publisher":{"@id":"https:\/\/www.packpods.labo.infochartreux.fr\/#organization"},"potentialAction":[{"@type":"SearchAction","target":{"@type":"EntryPoint","urlTemplate":"https:\/\/www.packpods.labo.infochartreux.fr\/?s={search_term_string}"},"query-input":{"@type":"PropertyValueSpecification","valueRequired":true,"valueName":"search_term_string"}}],"inLanguage":"fr-FR"},{"@type":"Organization","@id":"https:\/\/www.packpods.labo.infochartreux.fr\/#organization","name":"Packpods","url":"https:\/\/www.packpods.labo.infochartreux.fr\/","logo":{"@type":"ImageObject","inLanguage":"fr-FR","@id":"https:\/\/www.packpods.labo.infochartreux.fr\/#\/schema\/logo\/image\/","url":"https:\/\/www.packpods.labo.infochartreux.fr\/wp-content\/uploads\/2026\/03\/Capture-decran-2026-03-17-210847.png","contentUrl":"https:\/\/www.packpods.labo.infochartreux.fr\/wp-content\/uploads\/2026\/03\/Capture-decran-2026-03-17-210847.png","width":337,"height":298,"caption":"Packpods"},"image":{"@id":"https:\/\/www.packpods.labo.infochartreux.fr\/#\/schema\/logo\/image\/"}}]}},"_links":{"self":[{"href":"https:\/\/www.packpods.labo.infochartreux.fr\/index.php?rest_route=\/wp\/v2\/product\/136","targetHints":{"allow":["GET"]}}],"collection":[{"href":"https:\/\/www.packpods.labo.infochartreux.fr\/index.php?rest_route=\/wp\/v2\/product"}],"about":[{"href":"https:\/\/www.packpods.labo.infochartreux.fr\/index.php?rest_route=\/wp\/v2\/types\/product"}],"replies":[{"embeddable":true,"href":"https:\/\/www.packpods.labo.infochartreux.fr\/index.php?rest_route=%2Fwp%2Fv2%2Fcomments&post=136"}],"wp:featuredmedia":[{"embeddable":true,"href":"https:\/\/www.packpods.labo.infochartreux.fr\/index.php?rest_route=\/wp\/v2\/media\/1166"}],"wp:attachment":[{"href":"https:\/\/www.packpods.labo.infochartreux.fr\/index.php?rest_route=%2Fwp%2Fv2%2Fmedia&parent=136"}],"wp:term":[{"taxonomy":"product_brand","embeddable":true,"href":"https:\/\/www.packpods.labo.infochartreux.fr\/index.php?rest_route=%2Fwp%2Fv2%2Fproduct_brand&post=136"},{"taxonomy":"product_cat","embeddable":true,"href":"https:\/\/www.packpods.labo.infochartreux.fr\/index.php?rest_route=%2Fwp%2Fv2%2Fproduct_cat&post=136"},{"taxonomy":"product_tag","embeddable":true,"href":"https:\/\/www.packpods.labo.infochartreux.fr\/index.php?rest_route=%2Fwp%2Fv2%2Fproduct_tag&post=136"}],"curies":[{"name":"wp","href":"https:\/\/api.w.org\/{rel}","templated":true}]}}