{"id":134,"date":"2022-05-25T08:41:24","date_gmt":"2022-05-25T08:41:24","guid":{"rendered":"https:\/\/startersites.io\/blocksy\/barber-shop\/?post_type=product&#038;p=134"},"modified":"2026-03-11T08:44:38","modified_gmt":"2026-03-11T07:44:38","slug":"congue-mauris","status":"publish","type":"product","link":"https:\/\/www.packpods.labo.infochartreux.fr\/?product=congue-mauris","title":{"rendered":"Effiloch\u00e9 de b\u0153uf fondant"},"content":{"rendered":"<p>Ce pod met \u00e0 l\u2019honneur une viande longuement mijot\u00e9e jusqu\u2019\u00e0 devenir fondante. La projection immersive r\u00e9v\u00e8le les fibres de b\u0153uf qui se d\u00e9tachent lentement tandis que les ar\u00f4mes de b\u0153uf brais\u00e9 et de thym diffusent une atmosph\u00e8re gourmande et profonde.<\/p>\n","protected":false},"excerpt":{"rendered":"<p>Un plat mijot\u00e9 intense o\u00f9 les ar\u00f4mes de b\u0153uf brais\u00e9 et de thym cr\u00e9ent une exp\u00e9rience gourmande.<\/p>\n","protected":false},"featured_media":1168,"comment_status":"open","ping_status":"closed","template":"","meta":[],"product_brand":[],"product_cat":[30],"product_tag":[],"class_list":{"0":"post-134","1":"product","2":"type-product","3":"status-publish","4":"has-post-thumbnail","6":"product_cat-plat","8":"first","9":"instock","10":"shipping-taxable","11":"purchasable","12":"product-type-simple"},"yoast_head":"<!-- This site is optimized with the Yoast SEO plugin v27.4 - https:\/\/yoast.com\/product\/yoast-seo-wordpress\/ -->\n<title>Effiloch\u00e9 de b\u0153uf fondant - Packpods<\/title>\n<meta name=\"robots\" content=\"index, follow, max-snippet:-1, max-image-preview:large, max-video-preview:-1\" \/>\n<link rel=\"canonical\" href=\"https:\/\/www.packpods.labo.infochartreux.fr\/?product=congue-mauris\" \/>\n<meta property=\"og:locale\" content=\"fr_FR\" \/>\n<meta property=\"og:type\" content=\"article\" \/>\n<meta property=\"og:title\" content=\"Effiloch\u00e9 de b\u0153uf fondant - Packpods\" \/>\n<meta property=\"og:description\" content=\"Un plat mijot\u00e9 intense o\u00f9 les ar\u00f4mes de b\u0153uf brais\u00e9 et de thym cr\u00e9ent une exp\u00e9rience gourmande.\" \/>\n<meta property=\"og:url\" content=\"https:\/\/www.packpods.labo.infochartreux.fr\/?product=congue-mauris\" \/>\n<meta property=\"og:site_name\" content=\"Packpods\" \/>\n<meta property=\"article:modified_time\" content=\"2026-03-11T07:44:38+00:00\" \/>\n<meta property=\"og:image\" content=\"https:\/\/www.packpods.labo.infochartreux.fr\/wp-content\/uploads\/2022\/05\/Capture-decran-2026-03-11-083527.png\" \/>\n\t<meta property=\"og:image:width\" content=\"495\" \/>\n\t<meta property=\"og:image:height\" content=\"503\" \/>\n\t<meta property=\"og:image:type\" content=\"image\/png\" \/>\n<meta name=\"twitter:card\" content=\"summary_large_image\" \/>\n<script type=\"application\/ld+json\" class=\"yoast-schema-graph\">{\"@context\":\"https:\\\/\\\/schema.org\",\"@graph\":[{\"@type\":\"WebPage\",\"@id\":\"https:\\\/\\\/www.packpods.labo.infochartreux.fr\\\/?product=congue-mauris\",\"url\":\"https:\\\/\\\/www.packpods.labo.infochartreux.fr\\\/?product=congue-mauris\",\"name\":\"Effiloch\u00e9 de b\u0153uf fondant - Packpods\",\"isPartOf\":{\"@id\":\"https:\\\/\\\/www.packpods.labo.infochartreux.fr\\\/#website\"},\"primaryImageOfPage\":{\"@id\":\"https:\\\/\\\/www.packpods.labo.infochartreux.fr\\\/?product=congue-mauris#primaryimage\"},\"image\":{\"@id\":\"https:\\\/\\\/www.packpods.labo.infochartreux.fr\\\/?product=congue-mauris#primaryimage\"},\"thumbnailUrl\":\"https:\\\/\\\/www.packpods.labo.infochartreux.fr\\\/wp-content\\\/uploads\\\/2022\\\/05\\\/Capture-decran-2026-03-11-083527.png\",\"datePublished\":\"2022-05-25T08:41:24+00:00\",\"dateModified\":\"2026-03-11T07:44:38+00:00\",\"breadcrumb\":{\"@id\":\"https:\\\/\\\/www.packpods.labo.infochartreux.fr\\\/?product=congue-mauris#breadcrumb\"},\"inLanguage\":\"fr-FR\",\"potentialAction\":[{\"@type\":\"ReadAction\",\"target\":[\"https:\\\/\\\/www.packpods.labo.infochartreux.fr\\\/?product=congue-mauris\"]}]},{\"@type\":\"ImageObject\",\"inLanguage\":\"fr-FR\",\"@id\":\"https:\\\/\\\/www.packpods.labo.infochartreux.fr\\\/?product=congue-mauris#primaryimage\",\"url\":\"https:\\\/\\\/www.packpods.labo.infochartreux.fr\\\/wp-content\\\/uploads\\\/2022\\\/05\\\/Capture-decran-2026-03-11-083527.png\",\"contentUrl\":\"https:\\\/\\\/www.packpods.labo.infochartreux.fr\\\/wp-content\\\/uploads\\\/2022\\\/05\\\/Capture-decran-2026-03-11-083527.png\",\"width\":495,\"height\":503},{\"@type\":\"BreadcrumbList\",\"@id\":\"https:\\\/\\\/www.packpods.labo.infochartreux.fr\\\/?product=congue-mauris#breadcrumb\",\"itemListElement\":[{\"@type\":\"ListItem\",\"position\":1,\"name\":\"Accueil\",\"item\":\"https:\\\/\\\/www.packpods.labo.infochartreux.fr\\\/\"},{\"@type\":\"ListItem\",\"position\":2,\"name\":\"Nos pods\",\"item\":\"https:\\\/\\\/www.packpods.labo.infochartreux.fr\\\/?page_id=33\"},{\"@type\":\"ListItem\",\"position\":3,\"name\":\"Effiloch\u00e9 de b\u0153uf fondant\"}]},{\"@type\":\"WebSite\",\"@id\":\"https:\\\/\\\/www.packpods.labo.infochartreux.fr\\\/#website\",\"url\":\"https:\\\/\\\/www.packpods.labo.infochartreux.fr\\\/\",\"name\":\"Packpods\",\"description\":\"\",\"publisher\":{\"@id\":\"https:\\\/\\\/www.packpods.labo.infochartreux.fr\\\/#organization\"},\"potentialAction\":[{\"@type\":\"SearchAction\",\"target\":{\"@type\":\"EntryPoint\",\"urlTemplate\":\"https:\\\/\\\/www.packpods.labo.infochartreux.fr\\\/?s={search_term_string}\"},\"query-input\":{\"@type\":\"PropertyValueSpecification\",\"valueRequired\":true,\"valueName\":\"search_term_string\"}}],\"inLanguage\":\"fr-FR\"},{\"@type\":\"Organization\",\"@id\":\"https:\\\/\\\/www.packpods.labo.infochartreux.fr\\\/#organization\",\"name\":\"Packpods\",\"url\":\"https:\\\/\\\/www.packpods.labo.infochartreux.fr\\\/\",\"logo\":{\"@type\":\"ImageObject\",\"inLanguage\":\"fr-FR\",\"@id\":\"https:\\\/\\\/www.packpods.labo.infochartreux.fr\\\/#\\\/schema\\\/logo\\\/image\\\/\",\"url\":\"https:\\\/\\\/www.packpods.labo.infochartreux.fr\\\/wp-content\\\/uploads\\\/2026\\\/03\\\/Capture-decran-2026-03-17-210847.png\",\"contentUrl\":\"https:\\\/\\\/www.packpods.labo.infochartreux.fr\\\/wp-content\\\/uploads\\\/2026\\\/03\\\/Capture-decran-2026-03-17-210847.png\",\"width\":337,\"height\":298,\"caption\":\"Packpods\"},\"image\":{\"@id\":\"https:\\\/\\\/www.packpods.labo.infochartreux.fr\\\/#\\\/schema\\\/logo\\\/image\\\/\"}}]}<\/script>\n<!-- \/ Yoast SEO plugin. -->","yoast_head_json":{"title":"Effiloch\u00e9 de b\u0153uf fondant - Packpods","robots":{"index":"index","follow":"follow","max-snippet":"max-snippet:-1","max-image-preview":"max-image-preview:large","max-video-preview":"max-video-preview:-1"},"canonical":"https:\/\/www.packpods.labo.infochartreux.fr\/?product=congue-mauris","og_locale":"fr_FR","og_type":"article","og_title":"Effiloch\u00e9 de b\u0153uf fondant - Packpods","og_description":"Un plat mijot\u00e9 intense o\u00f9 les ar\u00f4mes de b\u0153uf brais\u00e9 et de thym cr\u00e9ent une exp\u00e9rience gourmande.","og_url":"https:\/\/www.packpods.labo.infochartreux.fr\/?product=congue-mauris","og_site_name":"Packpods","article_modified_time":"2026-03-11T07:44:38+00:00","og_image":[{"width":495,"height":503,"url":"https:\/\/www.packpods.labo.infochartreux.fr\/wp-content\/uploads\/2022\/05\/Capture-decran-2026-03-11-083527.png","type":"image\/png"}],"twitter_card":"summary_large_image","schema":{"@context":"https:\/\/schema.org","@graph":[{"@type":"WebPage","@id":"https:\/\/www.packpods.labo.infochartreux.fr\/?product=congue-mauris","url":"https:\/\/www.packpods.labo.infochartreux.fr\/?product=congue-mauris","name":"Effiloch\u00e9 de b\u0153uf fondant - Packpods","isPartOf":{"@id":"https:\/\/www.packpods.labo.infochartreux.fr\/#website"},"primaryImageOfPage":{"@id":"https:\/\/www.packpods.labo.infochartreux.fr\/?product=congue-mauris#primaryimage"},"image":{"@id":"https:\/\/www.packpods.labo.infochartreux.fr\/?product=congue-mauris#primaryimage"},"thumbnailUrl":"https:\/\/www.packpods.labo.infochartreux.fr\/wp-content\/uploads\/2022\/05\/Capture-decran-2026-03-11-083527.png","datePublished":"2022-05-25T08:41:24+00:00","dateModified":"2026-03-11T07:44:38+00:00","breadcrumb":{"@id":"https:\/\/www.packpods.labo.infochartreux.fr\/?product=congue-mauris#breadcrumb"},"inLanguage":"fr-FR","potentialAction":[{"@type":"ReadAction","target":["https:\/\/www.packpods.labo.infochartreux.fr\/?product=congue-mauris"]}]},{"@type":"ImageObject","inLanguage":"fr-FR","@id":"https:\/\/www.packpods.labo.infochartreux.fr\/?product=congue-mauris#primaryimage","url":"https:\/\/www.packpods.labo.infochartreux.fr\/wp-content\/uploads\/2022\/05\/Capture-decran-2026-03-11-083527.png","contentUrl":"https:\/\/www.packpods.labo.infochartreux.fr\/wp-content\/uploads\/2022\/05\/Capture-decran-2026-03-11-083527.png","width":495,"height":503},{"@type":"BreadcrumbList","@id":"https:\/\/www.packpods.labo.infochartreux.fr\/?product=congue-mauris#breadcrumb","itemListElement":[{"@type":"ListItem","position":1,"name":"Accueil","item":"https:\/\/www.packpods.labo.infochartreux.fr\/"},{"@type":"ListItem","position":2,"name":"Nos pods","item":"https:\/\/www.packpods.labo.infochartreux.fr\/?page_id=33"},{"@type":"ListItem","position":3,"name":"Effiloch\u00e9 de b\u0153uf fondant"}]},{"@type":"WebSite","@id":"https:\/\/www.packpods.labo.infochartreux.fr\/#website","url":"https:\/\/www.packpods.labo.infochartreux.fr\/","name":"Packpods","description":"","publisher":{"@id":"https:\/\/www.packpods.labo.infochartreux.fr\/#organization"},"potentialAction":[{"@type":"SearchAction","target":{"@type":"EntryPoint","urlTemplate":"https:\/\/www.packpods.labo.infochartreux.fr\/?s={search_term_string}"},"query-input":{"@type":"PropertyValueSpecification","valueRequired":true,"valueName":"search_term_string"}}],"inLanguage":"fr-FR"},{"@type":"Organization","@id":"https:\/\/www.packpods.labo.infochartreux.fr\/#organization","name":"Packpods","url":"https:\/\/www.packpods.labo.infochartreux.fr\/","logo":{"@type":"ImageObject","inLanguage":"fr-FR","@id":"https:\/\/www.packpods.labo.infochartreux.fr\/#\/schema\/logo\/image\/","url":"https:\/\/www.packpods.labo.infochartreux.fr\/wp-content\/uploads\/2026\/03\/Capture-decran-2026-03-17-210847.png","contentUrl":"https:\/\/www.packpods.labo.infochartreux.fr\/wp-content\/uploads\/2026\/03\/Capture-decran-2026-03-17-210847.png","width":337,"height":298,"caption":"Packpods"},"image":{"@id":"https:\/\/www.packpods.labo.infochartreux.fr\/#\/schema\/logo\/image\/"}}]}},"_links":{"self":[{"href":"https:\/\/www.packpods.labo.infochartreux.fr\/index.php?rest_route=\/wp\/v2\/product\/134","targetHints":{"allow":["GET"]}}],"collection":[{"href":"https:\/\/www.packpods.labo.infochartreux.fr\/index.php?rest_route=\/wp\/v2\/product"}],"about":[{"href":"https:\/\/www.packpods.labo.infochartreux.fr\/index.php?rest_route=\/wp\/v2\/types\/product"}],"replies":[{"embeddable":true,"href":"https:\/\/www.packpods.labo.infochartreux.fr\/index.php?rest_route=%2Fwp%2Fv2%2Fcomments&post=134"}],"wp:featuredmedia":[{"embeddable":true,"href":"https:\/\/www.packpods.labo.infochartreux.fr\/index.php?rest_route=\/wp\/v2\/media\/1168"}],"wp:attachment":[{"href":"https:\/\/www.packpods.labo.infochartreux.fr\/index.php?rest_route=%2Fwp%2Fv2%2Fmedia&parent=134"}],"wp:term":[{"taxonomy":"product_brand","embeddable":true,"href":"https:\/\/www.packpods.labo.infochartreux.fr\/index.php?rest_route=%2Fwp%2Fv2%2Fproduct_brand&post=134"},{"taxonomy":"product_cat","embeddable":true,"href":"https:\/\/www.packpods.labo.infochartreux.fr\/index.php?rest_route=%2Fwp%2Fv2%2Fproduct_cat&post=134"},{"taxonomy":"product_tag","embeddable":true,"href":"https:\/\/www.packpods.labo.infochartreux.fr\/index.php?rest_route=%2Fwp%2Fv2%2Fproduct_tag&post=134"}],"curies":[{"name":"wp","href":"https:\/\/api.w.org\/{rel}","templated":true}]}}