{"id":128,"date":"2022-05-25T08:37:54","date_gmt":"2022-05-25T08:37:54","guid":{"rendered":"https:\/\/startersites.io\/blocksy\/barber-shop\/?post_type=product&#038;p=128"},"modified":"2026-03-11T08:59:04","modified_gmt":"2026-03-11T07:59:04","slug":"semper-risus","status":"publish","type":"product","link":"https:\/\/www.packpods.labo.infochartreux.fr\/?product=semper-risus","title":{"rendered":"Risotto d\u2019asperges &#038; parmesan"},"content":{"rendered":"<p>Un pod d\u00e9di\u00e9 \u00e0 la douceur et \u00e0 l\u2019onctuosit\u00e9 d\u2019un risotto cr\u00e9meux. Les images immersives montrent le riz d\u00e9licatement m\u00e9lang\u00e9 tandis que les notes de beurre noisette et de parmesan apportent une sensation gourmande et raffin\u00e9e.<\/p>\n","protected":false},"excerpt":{"rendered":"<p>Un risotto cr\u00e9meux aux asperges avec des ar\u00f4mes d\u00e9licats de beurre noisette.<\/p>\n","protected":false},"featured_media":1174,"comment_status":"open","ping_status":"closed","template":"","meta":[],"product_brand":[],"product_cat":[30],"product_tag":[],"class_list":{"0":"post-128","1":"product","2":"type-product","3":"status-publish","4":"has-post-thumbnail","6":"product_cat-plat","8":"first","9":"instock","10":"shipping-taxable","11":"purchasable","12":"product-type-simple"},"yoast_head":"<!-- This site is optimized with the Yoast SEO plugin v27.4 - https:\/\/yoast.com\/product\/yoast-seo-wordpress\/ -->\n<title>Risotto d\u2019asperges &amp; parmesan - Packpods<\/title>\n<meta name=\"robots\" content=\"index, follow, max-snippet:-1, max-image-preview:large, max-video-preview:-1\" \/>\n<link rel=\"canonical\" href=\"https:\/\/www.packpods.labo.infochartreux.fr\/?product=semper-risus\" \/>\n<meta property=\"og:locale\" content=\"fr_FR\" \/>\n<meta property=\"og:type\" content=\"article\" \/>\n<meta property=\"og:title\" content=\"Risotto d\u2019asperges &amp; parmesan - Packpods\" \/>\n<meta property=\"og:description\" content=\"Un risotto cr\u00e9meux aux asperges avec des ar\u00f4mes d\u00e9licats de beurre noisette.\" \/>\n<meta property=\"og:url\" content=\"https:\/\/www.packpods.labo.infochartreux.fr\/?product=semper-risus\" \/>\n<meta property=\"og:site_name\" content=\"Packpods\" \/>\n<meta property=\"article:modified_time\" content=\"2026-03-11T07:59:04+00:00\" \/>\n<meta property=\"og:image\" content=\"https:\/\/www.packpods.labo.infochartreux.fr\/wp-content\/uploads\/2022\/05\/Capture-decran-2026-03-11-085825.png\" \/>\n\t<meta property=\"og:image:width\" content=\"742\" \/>\n\t<meta property=\"og:image:height\" content=\"772\" \/>\n\t<meta property=\"og:image:type\" content=\"image\/png\" \/>\n<meta name=\"twitter:card\" content=\"summary_large_image\" \/>\n<script type=\"application\/ld+json\" class=\"yoast-schema-graph\">{\"@context\":\"https:\\\/\\\/schema.org\",\"@graph\":[{\"@type\":\"WebPage\",\"@id\":\"https:\\\/\\\/www.packpods.labo.infochartreux.fr\\\/?product=semper-risus\",\"url\":\"https:\\\/\\\/www.packpods.labo.infochartreux.fr\\\/?product=semper-risus\",\"name\":\"Risotto d\u2019asperges & parmesan - Packpods\",\"isPartOf\":{\"@id\":\"https:\\\/\\\/www.packpods.labo.infochartreux.fr\\\/#website\"},\"primaryImageOfPage\":{\"@id\":\"https:\\\/\\\/www.packpods.labo.infochartreux.fr\\\/?product=semper-risus#primaryimage\"},\"image\":{\"@id\":\"https:\\\/\\\/www.packpods.labo.infochartreux.fr\\\/?product=semper-risus#primaryimage\"},\"thumbnailUrl\":\"https:\\\/\\\/www.packpods.labo.infochartreux.fr\\\/wp-content\\\/uploads\\\/2022\\\/05\\\/Capture-decran-2026-03-11-085825.png\",\"datePublished\":\"2022-05-25T08:37:54+00:00\",\"dateModified\":\"2026-03-11T07:59:04+00:00\",\"breadcrumb\":{\"@id\":\"https:\\\/\\\/www.packpods.labo.infochartreux.fr\\\/?product=semper-risus#breadcrumb\"},\"inLanguage\":\"fr-FR\",\"potentialAction\":[{\"@type\":\"ReadAction\",\"target\":[\"https:\\\/\\\/www.packpods.labo.infochartreux.fr\\\/?product=semper-risus\"]}]},{\"@type\":\"ImageObject\",\"inLanguage\":\"fr-FR\",\"@id\":\"https:\\\/\\\/www.packpods.labo.infochartreux.fr\\\/?product=semper-risus#primaryimage\",\"url\":\"https:\\\/\\\/www.packpods.labo.infochartreux.fr\\\/wp-content\\\/uploads\\\/2022\\\/05\\\/Capture-decran-2026-03-11-085825.png\",\"contentUrl\":\"https:\\\/\\\/www.packpods.labo.infochartreux.fr\\\/wp-content\\\/uploads\\\/2022\\\/05\\\/Capture-decran-2026-03-11-085825.png\",\"width\":742,\"height\":772},{\"@type\":\"BreadcrumbList\",\"@id\":\"https:\\\/\\\/www.packpods.labo.infochartreux.fr\\\/?product=semper-risus#breadcrumb\",\"itemListElement\":[{\"@type\":\"ListItem\",\"position\":1,\"name\":\"Accueil\",\"item\":\"https:\\\/\\\/www.packpods.labo.infochartreux.fr\\\/\"},{\"@type\":\"ListItem\",\"position\":2,\"name\":\"Nos pods\",\"item\":\"https:\\\/\\\/www.packpods.labo.infochartreux.fr\\\/?page_id=33\"},{\"@type\":\"ListItem\",\"position\":3,\"name\":\"Risotto d\u2019asperges &#038; parmesan\"}]},{\"@type\":\"WebSite\",\"@id\":\"https:\\\/\\\/www.packpods.labo.infochartreux.fr\\\/#website\",\"url\":\"https:\\\/\\\/www.packpods.labo.infochartreux.fr\\\/\",\"name\":\"Packpods\",\"description\":\"\",\"publisher\":{\"@id\":\"https:\\\/\\\/www.packpods.labo.infochartreux.fr\\\/#organization\"},\"potentialAction\":[{\"@type\":\"SearchAction\",\"target\":{\"@type\":\"EntryPoint\",\"urlTemplate\":\"https:\\\/\\\/www.packpods.labo.infochartreux.fr\\\/?s={search_term_string}\"},\"query-input\":{\"@type\":\"PropertyValueSpecification\",\"valueRequired\":true,\"valueName\":\"search_term_string\"}}],\"inLanguage\":\"fr-FR\"},{\"@type\":\"Organization\",\"@id\":\"https:\\\/\\\/www.packpods.labo.infochartreux.fr\\\/#organization\",\"name\":\"Packpods\",\"url\":\"https:\\\/\\\/www.packpods.labo.infochartreux.fr\\\/\",\"logo\":{\"@type\":\"ImageObject\",\"inLanguage\":\"fr-FR\",\"@id\":\"https:\\\/\\\/www.packpods.labo.infochartreux.fr\\\/#\\\/schema\\\/logo\\\/image\\\/\",\"url\":\"https:\\\/\\\/www.packpods.labo.infochartreux.fr\\\/wp-content\\\/uploads\\\/2026\\\/03\\\/Capture-decran-2026-03-17-210847.png\",\"contentUrl\":\"https:\\\/\\\/www.packpods.labo.infochartreux.fr\\\/wp-content\\\/uploads\\\/2026\\\/03\\\/Capture-decran-2026-03-17-210847.png\",\"width\":337,\"height\":298,\"caption\":\"Packpods\"},\"image\":{\"@id\":\"https:\\\/\\\/www.packpods.labo.infochartreux.fr\\\/#\\\/schema\\\/logo\\\/image\\\/\"}}]}<\/script>\n<!-- \/ Yoast SEO plugin. -->","yoast_head_json":{"title":"Risotto d\u2019asperges & parmesan - Packpods","robots":{"index":"index","follow":"follow","max-snippet":"max-snippet:-1","max-image-preview":"max-image-preview:large","max-video-preview":"max-video-preview:-1"},"canonical":"https:\/\/www.packpods.labo.infochartreux.fr\/?product=semper-risus","og_locale":"fr_FR","og_type":"article","og_title":"Risotto d\u2019asperges & parmesan - Packpods","og_description":"Un risotto cr\u00e9meux aux asperges avec des ar\u00f4mes d\u00e9licats de beurre noisette.","og_url":"https:\/\/www.packpods.labo.infochartreux.fr\/?product=semper-risus","og_site_name":"Packpods","article_modified_time":"2026-03-11T07:59:04+00:00","og_image":[{"width":742,"height":772,"url":"https:\/\/www.packpods.labo.infochartreux.fr\/wp-content\/uploads\/2022\/05\/Capture-decran-2026-03-11-085825.png","type":"image\/png"}],"twitter_card":"summary_large_image","schema":{"@context":"https:\/\/schema.org","@graph":[{"@type":"WebPage","@id":"https:\/\/www.packpods.labo.infochartreux.fr\/?product=semper-risus","url":"https:\/\/www.packpods.labo.infochartreux.fr\/?product=semper-risus","name":"Risotto d\u2019asperges & parmesan - Packpods","isPartOf":{"@id":"https:\/\/www.packpods.labo.infochartreux.fr\/#website"},"primaryImageOfPage":{"@id":"https:\/\/www.packpods.labo.infochartreux.fr\/?product=semper-risus#primaryimage"},"image":{"@id":"https:\/\/www.packpods.labo.infochartreux.fr\/?product=semper-risus#primaryimage"},"thumbnailUrl":"https:\/\/www.packpods.labo.infochartreux.fr\/wp-content\/uploads\/2022\/05\/Capture-decran-2026-03-11-085825.png","datePublished":"2022-05-25T08:37:54+00:00","dateModified":"2026-03-11T07:59:04+00:00","breadcrumb":{"@id":"https:\/\/www.packpods.labo.infochartreux.fr\/?product=semper-risus#breadcrumb"},"inLanguage":"fr-FR","potentialAction":[{"@type":"ReadAction","target":["https:\/\/www.packpods.labo.infochartreux.fr\/?product=semper-risus"]}]},{"@type":"ImageObject","inLanguage":"fr-FR","@id":"https:\/\/www.packpods.labo.infochartreux.fr\/?product=semper-risus#primaryimage","url":"https:\/\/www.packpods.labo.infochartreux.fr\/wp-content\/uploads\/2022\/05\/Capture-decran-2026-03-11-085825.png","contentUrl":"https:\/\/www.packpods.labo.infochartreux.fr\/wp-content\/uploads\/2022\/05\/Capture-decran-2026-03-11-085825.png","width":742,"height":772},{"@type":"BreadcrumbList","@id":"https:\/\/www.packpods.labo.infochartreux.fr\/?product=semper-risus#breadcrumb","itemListElement":[{"@type":"ListItem","position":1,"name":"Accueil","item":"https:\/\/www.packpods.labo.infochartreux.fr\/"},{"@type":"ListItem","position":2,"name":"Nos pods","item":"https:\/\/www.packpods.labo.infochartreux.fr\/?page_id=33"},{"@type":"ListItem","position":3,"name":"Risotto d\u2019asperges &#038; parmesan"}]},{"@type":"WebSite","@id":"https:\/\/www.packpods.labo.infochartreux.fr\/#website","url":"https:\/\/www.packpods.labo.infochartreux.fr\/","name":"Packpods","description":"","publisher":{"@id":"https:\/\/www.packpods.labo.infochartreux.fr\/#organization"},"potentialAction":[{"@type":"SearchAction","target":{"@type":"EntryPoint","urlTemplate":"https:\/\/www.packpods.labo.infochartreux.fr\/?s={search_term_string}"},"query-input":{"@type":"PropertyValueSpecification","valueRequired":true,"valueName":"search_term_string"}}],"inLanguage":"fr-FR"},{"@type":"Organization","@id":"https:\/\/www.packpods.labo.infochartreux.fr\/#organization","name":"Packpods","url":"https:\/\/www.packpods.labo.infochartreux.fr\/","logo":{"@type":"ImageObject","inLanguage":"fr-FR","@id":"https:\/\/www.packpods.labo.infochartreux.fr\/#\/schema\/logo\/image\/","url":"https:\/\/www.packpods.labo.infochartreux.fr\/wp-content\/uploads\/2026\/03\/Capture-decran-2026-03-17-210847.png","contentUrl":"https:\/\/www.packpods.labo.infochartreux.fr\/wp-content\/uploads\/2026\/03\/Capture-decran-2026-03-17-210847.png","width":337,"height":298,"caption":"Packpods"},"image":{"@id":"https:\/\/www.packpods.labo.infochartreux.fr\/#\/schema\/logo\/image\/"}}]}},"_links":{"self":[{"href":"https:\/\/www.packpods.labo.infochartreux.fr\/index.php?rest_route=\/wp\/v2\/product\/128","targetHints":{"allow":["GET"]}}],"collection":[{"href":"https:\/\/www.packpods.labo.infochartreux.fr\/index.php?rest_route=\/wp\/v2\/product"}],"about":[{"href":"https:\/\/www.packpods.labo.infochartreux.fr\/index.php?rest_route=\/wp\/v2\/types\/product"}],"replies":[{"embeddable":true,"href":"https:\/\/www.packpods.labo.infochartreux.fr\/index.php?rest_route=%2Fwp%2Fv2%2Fcomments&post=128"}],"wp:featuredmedia":[{"embeddable":true,"href":"https:\/\/www.packpods.labo.infochartreux.fr\/index.php?rest_route=\/wp\/v2\/media\/1174"}],"wp:attachment":[{"href":"https:\/\/www.packpods.labo.infochartreux.fr\/index.php?rest_route=%2Fwp%2Fv2%2Fmedia&parent=128"}],"wp:term":[{"taxonomy":"product_brand","embeddable":true,"href":"https:\/\/www.packpods.labo.infochartreux.fr\/index.php?rest_route=%2Fwp%2Fv2%2Fproduct_brand&post=128"},{"taxonomy":"product_cat","embeddable":true,"href":"https:\/\/www.packpods.labo.infochartreux.fr\/index.php?rest_route=%2Fwp%2Fv2%2Fproduct_cat&post=128"},{"taxonomy":"product_tag","embeddable":true,"href":"https:\/\/www.packpods.labo.infochartreux.fr\/index.php?rest_route=%2Fwp%2Fv2%2Fproduct_tag&post=128"}],"curies":[{"name":"wp","href":"https:\/\/api.w.org\/{rel}","templated":true}]}}