{"id":119,"date":"2022-05-25T08:30:54","date_gmt":"2022-05-25T08:30:54","guid":{"rendered":"https:\/\/startersites.io\/blocksy\/barber-shop\/?post_type=product&#038;p=119"},"modified":"2026-03-11T09:16:25","modified_gmt":"2026-03-11T08:16:25","slug":"dignissim-sodales","status":"publish","type":"product","link":"https:\/\/www.packpods.labo.infochartreux.fr\/?product=dignissim-sodales","title":{"rendered":"Perles du Japon coco &#038; mangue"},"content":{"rendered":"<p>Ce pod propose un dessert exotique inspir\u00e9 des saveurs tropicales. Les projections \u00e9voquent une ambiance chaleureuse et color\u00e9e tandis que les parfums de noix de coco grill\u00e9e et de mangue cr\u00e9ent une sensation douce et d\u00e9paysante.<\/p>\n","protected":false},"excerpt":{"rendered":"<p>Un dessert exotique m\u00ealant coco grill\u00e9e et mangue pour une fin de voyage gourmande.<\/p>\n","protected":false},"featured_media":1183,"comment_status":"open","ping_status":"closed","template":"","meta":[],"product_brand":[],"product_cat":[31],"product_tag":[],"class_list":{"0":"post-119","1":"product","2":"type-product","3":"status-publish","4":"has-post-thumbnail","6":"product_cat-dessert","8":"first","9":"instock","10":"shipping-taxable","11":"purchasable","12":"product-type-simple"},"yoast_head":"<!-- This site is optimized with the Yoast SEO plugin v27.4 - https:\/\/yoast.com\/product\/yoast-seo-wordpress\/ -->\n<title>Perles du Japon coco &amp; mangue - Packpods<\/title>\n<meta name=\"robots\" content=\"index, follow, max-snippet:-1, max-image-preview:large, max-video-preview:-1\" \/>\n<link rel=\"canonical\" href=\"https:\/\/www.packpods.labo.infochartreux.fr\/?product=dignissim-sodales\" \/>\n<meta property=\"og:locale\" content=\"fr_FR\" \/>\n<meta property=\"og:type\" content=\"article\" \/>\n<meta property=\"og:title\" content=\"Perles du Japon coco &amp; mangue - Packpods\" \/>\n<meta property=\"og:description\" content=\"Un dessert exotique m\u00ealant coco grill\u00e9e et mangue pour une fin de voyage gourmande.\" \/>\n<meta property=\"og:url\" content=\"https:\/\/www.packpods.labo.infochartreux.fr\/?product=dignissim-sodales\" \/>\n<meta property=\"og:site_name\" content=\"Packpods\" \/>\n<meta property=\"article:modified_time\" content=\"2026-03-11T08:16:25+00:00\" \/>\n<meta property=\"og:image\" content=\"https:\/\/www.packpods.labo.infochartreux.fr\/wp-content\/uploads\/2022\/05\/Capture-decran-2026-03-11-091601.png\" \/>\n\t<meta property=\"og:image:width\" content=\"549\" \/>\n\t<meta property=\"og:image:height\" content=\"583\" \/>\n\t<meta property=\"og:image:type\" content=\"image\/png\" \/>\n<meta name=\"twitter:card\" content=\"summary_large_image\" \/>\n<script type=\"application\/ld+json\" class=\"yoast-schema-graph\">{\"@context\":\"https:\\\/\\\/schema.org\",\"@graph\":[{\"@type\":\"WebPage\",\"@id\":\"https:\\\/\\\/www.packpods.labo.infochartreux.fr\\\/?product=dignissim-sodales\",\"url\":\"https:\\\/\\\/www.packpods.labo.infochartreux.fr\\\/?product=dignissim-sodales\",\"name\":\"Perles du Japon coco & mangue - Packpods\",\"isPartOf\":{\"@id\":\"https:\\\/\\\/www.packpods.labo.infochartreux.fr\\\/#website\"},\"primaryImageOfPage\":{\"@id\":\"https:\\\/\\\/www.packpods.labo.infochartreux.fr\\\/?product=dignissim-sodales#primaryimage\"},\"image\":{\"@id\":\"https:\\\/\\\/www.packpods.labo.infochartreux.fr\\\/?product=dignissim-sodales#primaryimage\"},\"thumbnailUrl\":\"https:\\\/\\\/www.packpods.labo.infochartreux.fr\\\/wp-content\\\/uploads\\\/2022\\\/05\\\/Capture-decran-2026-03-11-091601.png\",\"datePublished\":\"2022-05-25T08:30:54+00:00\",\"dateModified\":\"2026-03-11T08:16:25+00:00\",\"breadcrumb\":{\"@id\":\"https:\\\/\\\/www.packpods.labo.infochartreux.fr\\\/?product=dignissim-sodales#breadcrumb\"},\"inLanguage\":\"fr-FR\",\"potentialAction\":[{\"@type\":\"ReadAction\",\"target\":[\"https:\\\/\\\/www.packpods.labo.infochartreux.fr\\\/?product=dignissim-sodales\"]}]},{\"@type\":\"ImageObject\",\"inLanguage\":\"fr-FR\",\"@id\":\"https:\\\/\\\/www.packpods.labo.infochartreux.fr\\\/?product=dignissim-sodales#primaryimage\",\"url\":\"https:\\\/\\\/www.packpods.labo.infochartreux.fr\\\/wp-content\\\/uploads\\\/2022\\\/05\\\/Capture-decran-2026-03-11-091601.png\",\"contentUrl\":\"https:\\\/\\\/www.packpods.labo.infochartreux.fr\\\/wp-content\\\/uploads\\\/2022\\\/05\\\/Capture-decran-2026-03-11-091601.png\",\"width\":549,\"height\":583},{\"@type\":\"BreadcrumbList\",\"@id\":\"https:\\\/\\\/www.packpods.labo.infochartreux.fr\\\/?product=dignissim-sodales#breadcrumb\",\"itemListElement\":[{\"@type\":\"ListItem\",\"position\":1,\"name\":\"Accueil\",\"item\":\"https:\\\/\\\/www.packpods.labo.infochartreux.fr\\\/\"},{\"@type\":\"ListItem\",\"position\":2,\"name\":\"Nos pods\",\"item\":\"https:\\\/\\\/www.packpods.labo.infochartreux.fr\\\/?page_id=33\"},{\"@type\":\"ListItem\",\"position\":3,\"name\":\"Perles du Japon coco &#038; mangue\"}]},{\"@type\":\"WebSite\",\"@id\":\"https:\\\/\\\/www.packpods.labo.infochartreux.fr\\\/#website\",\"url\":\"https:\\\/\\\/www.packpods.labo.infochartreux.fr\\\/\",\"name\":\"Packpods\",\"description\":\"\",\"publisher\":{\"@id\":\"https:\\\/\\\/www.packpods.labo.infochartreux.fr\\\/#organization\"},\"potentialAction\":[{\"@type\":\"SearchAction\",\"target\":{\"@type\":\"EntryPoint\",\"urlTemplate\":\"https:\\\/\\\/www.packpods.labo.infochartreux.fr\\\/?s={search_term_string}\"},\"query-input\":{\"@type\":\"PropertyValueSpecification\",\"valueRequired\":true,\"valueName\":\"search_term_string\"}}],\"inLanguage\":\"fr-FR\"},{\"@type\":\"Organization\",\"@id\":\"https:\\\/\\\/www.packpods.labo.infochartreux.fr\\\/#organization\",\"name\":\"Packpods\",\"url\":\"https:\\\/\\\/www.packpods.labo.infochartreux.fr\\\/\",\"logo\":{\"@type\":\"ImageObject\",\"inLanguage\":\"fr-FR\",\"@id\":\"https:\\\/\\\/www.packpods.labo.infochartreux.fr\\\/#\\\/schema\\\/logo\\\/image\\\/\",\"url\":\"https:\\\/\\\/www.packpods.labo.infochartreux.fr\\\/wp-content\\\/uploads\\\/2026\\\/03\\\/Capture-decran-2026-03-17-210847.png\",\"contentUrl\":\"https:\\\/\\\/www.packpods.labo.infochartreux.fr\\\/wp-content\\\/uploads\\\/2026\\\/03\\\/Capture-decran-2026-03-17-210847.png\",\"width\":337,\"height\":298,\"caption\":\"Packpods\"},\"image\":{\"@id\":\"https:\\\/\\\/www.packpods.labo.infochartreux.fr\\\/#\\\/schema\\\/logo\\\/image\\\/\"}}]}<\/script>\n<!-- \/ Yoast SEO plugin. -->","yoast_head_json":{"title":"Perles du Japon coco & mangue - Packpods","robots":{"index":"index","follow":"follow","max-snippet":"max-snippet:-1","max-image-preview":"max-image-preview:large","max-video-preview":"max-video-preview:-1"},"canonical":"https:\/\/www.packpods.labo.infochartreux.fr\/?product=dignissim-sodales","og_locale":"fr_FR","og_type":"article","og_title":"Perles du Japon coco & mangue - Packpods","og_description":"Un dessert exotique m\u00ealant coco grill\u00e9e et mangue pour une fin de voyage gourmande.","og_url":"https:\/\/www.packpods.labo.infochartreux.fr\/?product=dignissim-sodales","og_site_name":"Packpods","article_modified_time":"2026-03-11T08:16:25+00:00","og_image":[{"width":549,"height":583,"url":"https:\/\/www.packpods.labo.infochartreux.fr\/wp-content\/uploads\/2022\/05\/Capture-decran-2026-03-11-091601.png","type":"image\/png"}],"twitter_card":"summary_large_image","schema":{"@context":"https:\/\/schema.org","@graph":[{"@type":"WebPage","@id":"https:\/\/www.packpods.labo.infochartreux.fr\/?product=dignissim-sodales","url":"https:\/\/www.packpods.labo.infochartreux.fr\/?product=dignissim-sodales","name":"Perles du Japon coco & mangue - Packpods","isPartOf":{"@id":"https:\/\/www.packpods.labo.infochartreux.fr\/#website"},"primaryImageOfPage":{"@id":"https:\/\/www.packpods.labo.infochartreux.fr\/?product=dignissim-sodales#primaryimage"},"image":{"@id":"https:\/\/www.packpods.labo.infochartreux.fr\/?product=dignissim-sodales#primaryimage"},"thumbnailUrl":"https:\/\/www.packpods.labo.infochartreux.fr\/wp-content\/uploads\/2022\/05\/Capture-decran-2026-03-11-091601.png","datePublished":"2022-05-25T08:30:54+00:00","dateModified":"2026-03-11T08:16:25+00:00","breadcrumb":{"@id":"https:\/\/www.packpods.labo.infochartreux.fr\/?product=dignissim-sodales#breadcrumb"},"inLanguage":"fr-FR","potentialAction":[{"@type":"ReadAction","target":["https:\/\/www.packpods.labo.infochartreux.fr\/?product=dignissim-sodales"]}]},{"@type":"ImageObject","inLanguage":"fr-FR","@id":"https:\/\/www.packpods.labo.infochartreux.fr\/?product=dignissim-sodales#primaryimage","url":"https:\/\/www.packpods.labo.infochartreux.fr\/wp-content\/uploads\/2022\/05\/Capture-decran-2026-03-11-091601.png","contentUrl":"https:\/\/www.packpods.labo.infochartreux.fr\/wp-content\/uploads\/2022\/05\/Capture-decran-2026-03-11-091601.png","width":549,"height":583},{"@type":"BreadcrumbList","@id":"https:\/\/www.packpods.labo.infochartreux.fr\/?product=dignissim-sodales#breadcrumb","itemListElement":[{"@type":"ListItem","position":1,"name":"Accueil","item":"https:\/\/www.packpods.labo.infochartreux.fr\/"},{"@type":"ListItem","position":2,"name":"Nos pods","item":"https:\/\/www.packpods.labo.infochartreux.fr\/?page_id=33"},{"@type":"ListItem","position":3,"name":"Perles du Japon coco &#038; mangue"}]},{"@type":"WebSite","@id":"https:\/\/www.packpods.labo.infochartreux.fr\/#website","url":"https:\/\/www.packpods.labo.infochartreux.fr\/","name":"Packpods","description":"","publisher":{"@id":"https:\/\/www.packpods.labo.infochartreux.fr\/#organization"},"potentialAction":[{"@type":"SearchAction","target":{"@type":"EntryPoint","urlTemplate":"https:\/\/www.packpods.labo.infochartreux.fr\/?s={search_term_string}"},"query-input":{"@type":"PropertyValueSpecification","valueRequired":true,"valueName":"search_term_string"}}],"inLanguage":"fr-FR"},{"@type":"Organization","@id":"https:\/\/www.packpods.labo.infochartreux.fr\/#organization","name":"Packpods","url":"https:\/\/www.packpods.labo.infochartreux.fr\/","logo":{"@type":"ImageObject","inLanguage":"fr-FR","@id":"https:\/\/www.packpods.labo.infochartreux.fr\/#\/schema\/logo\/image\/","url":"https:\/\/www.packpods.labo.infochartreux.fr\/wp-content\/uploads\/2026\/03\/Capture-decran-2026-03-17-210847.png","contentUrl":"https:\/\/www.packpods.labo.infochartreux.fr\/wp-content\/uploads\/2026\/03\/Capture-decran-2026-03-17-210847.png","width":337,"height":298,"caption":"Packpods"},"image":{"@id":"https:\/\/www.packpods.labo.infochartreux.fr\/#\/schema\/logo\/image\/"}}]}},"_links":{"self":[{"href":"https:\/\/www.packpods.labo.infochartreux.fr\/index.php?rest_route=\/wp\/v2\/product\/119","targetHints":{"allow":["GET"]}}],"collection":[{"href":"https:\/\/www.packpods.labo.infochartreux.fr\/index.php?rest_route=\/wp\/v2\/product"}],"about":[{"href":"https:\/\/www.packpods.labo.infochartreux.fr\/index.php?rest_route=\/wp\/v2\/types\/product"}],"replies":[{"embeddable":true,"href":"https:\/\/www.packpods.labo.infochartreux.fr\/index.php?rest_route=%2Fwp%2Fv2%2Fcomments&post=119"}],"wp:featuredmedia":[{"embeddable":true,"href":"https:\/\/www.packpods.labo.infochartreux.fr\/index.php?rest_route=\/wp\/v2\/media\/1183"}],"wp:attachment":[{"href":"https:\/\/www.packpods.labo.infochartreux.fr\/index.php?rest_route=%2Fwp%2Fv2%2Fmedia&parent=119"}],"wp:term":[{"taxonomy":"product_brand","embeddable":true,"href":"https:\/\/www.packpods.labo.infochartreux.fr\/index.php?rest_route=%2Fwp%2Fv2%2Fproduct_brand&post=119"},{"taxonomy":"product_cat","embeddable":true,"href":"https:\/\/www.packpods.labo.infochartreux.fr\/index.php?rest_route=%2Fwp%2Fv2%2Fproduct_cat&post=119"},{"taxonomy":"product_tag","embeddable":true,"href":"https:\/\/www.packpods.labo.infochartreux.fr\/index.php?rest_route=%2Fwp%2Fv2%2Fproduct_tag&post=119"}],"curies":[{"name":"wp","href":"https:\/\/api.w.org\/{rel}","templated":true}]}}