{"id":117,"date":"2022-05-25T08:29:38","date_gmt":"2022-05-25T08:29:38","guid":{"rendered":"https:\/\/startersites.io\/blocksy\/barber-shop\/?post_type=product&#038;p=117"},"modified":"2026-03-11T09:23:59","modified_gmt":"2026-03-11T08:23:59","slug":"faucibus-scelerisque","status":"publish","type":"product","link":"https:\/\/www.packpods.labo.infochartreux.fr\/?product=faucibus-scelerisque","title":{"rendered":"P\u00e2tes aux truffes"},"content":{"rendered":"<p>Une immersion dans une cuisine raffin\u00e9e o\u00f9 des p\u00e2tes cr\u00e9meuses sont sublim\u00e9es par la truffe. Les images r\u00e9v\u00e8lent la sauce onctueuse tandis que les ar\u00f4mes d\u00e9licats de truffe et de parmesan cr\u00e9ent une exp\u00e9rience \u00e9l\u00e9gante et gourmande.<\/p>\n","protected":false},"excerpt":{"rendered":"<p>Des p\u00e2tes cr\u00e9meuses aux ar\u00f4mes raffin\u00e9s de truffe et de parmesan.<\/p>\n","protected":false},"featured_media":1185,"comment_status":"open","ping_status":"closed","template":"","meta":[],"product_brand":[],"product_cat":[30],"product_tag":[],"class_list":{"0":"post-117","1":"product","2":"type-product","3":"status-publish","4":"has-post-thumbnail","6":"product_cat-plat","8":"first","9":"instock","10":"shipping-taxable","11":"purchasable","12":"product-type-simple"},"yoast_head":"<!-- This site is optimized with the Yoast SEO plugin v27.4 - https:\/\/yoast.com\/product\/yoast-seo-wordpress\/ -->\n<title>P\u00e2tes aux truffes - Packpods<\/title>\n<meta name=\"robots\" content=\"index, follow, max-snippet:-1, max-image-preview:large, max-video-preview:-1\" \/>\n<link rel=\"canonical\" href=\"https:\/\/www.packpods.labo.infochartreux.fr\/?product=faucibus-scelerisque\" \/>\n<meta property=\"og:locale\" content=\"fr_FR\" \/>\n<meta property=\"og:type\" content=\"article\" \/>\n<meta property=\"og:title\" content=\"P\u00e2tes aux truffes - Packpods\" \/>\n<meta property=\"og:description\" content=\"Des p\u00e2tes cr\u00e9meuses aux ar\u00f4mes raffin\u00e9s de truffe et de parmesan.\" \/>\n<meta property=\"og:url\" content=\"https:\/\/www.packpods.labo.infochartreux.fr\/?product=faucibus-scelerisque\" \/>\n<meta property=\"og:site_name\" content=\"Packpods\" \/>\n<meta property=\"article:modified_time\" content=\"2026-03-11T08:23:59+00:00\" \/>\n<meta property=\"og:image\" content=\"https:\/\/www.packpods.labo.infochartreux.fr\/wp-content\/uploads\/2022\/05\/Capture-decran-2026-03-11-092317.png\" \/>\n\t<meta property=\"og:image:width\" content=\"553\" \/>\n\t<meta property=\"og:image:height\" content=\"579\" \/>\n\t<meta property=\"og:image:type\" content=\"image\/png\" \/>\n<meta name=\"twitter:card\" content=\"summary_large_image\" \/>\n<script type=\"application\/ld+json\" class=\"yoast-schema-graph\">{\"@context\":\"https:\\\/\\\/schema.org\",\"@graph\":[{\"@type\":\"WebPage\",\"@id\":\"https:\\\/\\\/www.packpods.labo.infochartreux.fr\\\/?product=faucibus-scelerisque\",\"url\":\"https:\\\/\\\/www.packpods.labo.infochartreux.fr\\\/?product=faucibus-scelerisque\",\"name\":\"P\u00e2tes aux truffes - Packpods\",\"isPartOf\":{\"@id\":\"https:\\\/\\\/www.packpods.labo.infochartreux.fr\\\/#website\"},\"primaryImageOfPage\":{\"@id\":\"https:\\\/\\\/www.packpods.labo.infochartreux.fr\\\/?product=faucibus-scelerisque#primaryimage\"},\"image\":{\"@id\":\"https:\\\/\\\/www.packpods.labo.infochartreux.fr\\\/?product=faucibus-scelerisque#primaryimage\"},\"thumbnailUrl\":\"https:\\\/\\\/www.packpods.labo.infochartreux.fr\\\/wp-content\\\/uploads\\\/2022\\\/05\\\/Capture-decran-2026-03-11-092317.png\",\"datePublished\":\"2022-05-25T08:29:38+00:00\",\"dateModified\":\"2026-03-11T08:23:59+00:00\",\"breadcrumb\":{\"@id\":\"https:\\\/\\\/www.packpods.labo.infochartreux.fr\\\/?product=faucibus-scelerisque#breadcrumb\"},\"inLanguage\":\"fr-FR\",\"potentialAction\":[{\"@type\":\"ReadAction\",\"target\":[\"https:\\\/\\\/www.packpods.labo.infochartreux.fr\\\/?product=faucibus-scelerisque\"]}]},{\"@type\":\"ImageObject\",\"inLanguage\":\"fr-FR\",\"@id\":\"https:\\\/\\\/www.packpods.labo.infochartreux.fr\\\/?product=faucibus-scelerisque#primaryimage\",\"url\":\"https:\\\/\\\/www.packpods.labo.infochartreux.fr\\\/wp-content\\\/uploads\\\/2022\\\/05\\\/Capture-decran-2026-03-11-092317.png\",\"contentUrl\":\"https:\\\/\\\/www.packpods.labo.infochartreux.fr\\\/wp-content\\\/uploads\\\/2022\\\/05\\\/Capture-decran-2026-03-11-092317.png\",\"width\":553,\"height\":579},{\"@type\":\"BreadcrumbList\",\"@id\":\"https:\\\/\\\/www.packpods.labo.infochartreux.fr\\\/?product=faucibus-scelerisque#breadcrumb\",\"itemListElement\":[{\"@type\":\"ListItem\",\"position\":1,\"name\":\"Accueil\",\"item\":\"https:\\\/\\\/www.packpods.labo.infochartreux.fr\\\/\"},{\"@type\":\"ListItem\",\"position\":2,\"name\":\"Nos pods\",\"item\":\"https:\\\/\\\/www.packpods.labo.infochartreux.fr\\\/?page_id=33\"},{\"@type\":\"ListItem\",\"position\":3,\"name\":\"P\u00e2tes aux truffes\"}]},{\"@type\":\"WebSite\",\"@id\":\"https:\\\/\\\/www.packpods.labo.infochartreux.fr\\\/#website\",\"url\":\"https:\\\/\\\/www.packpods.labo.infochartreux.fr\\\/\",\"name\":\"Packpods\",\"description\":\"\",\"publisher\":{\"@id\":\"https:\\\/\\\/www.packpods.labo.infochartreux.fr\\\/#organization\"},\"potentialAction\":[{\"@type\":\"SearchAction\",\"target\":{\"@type\":\"EntryPoint\",\"urlTemplate\":\"https:\\\/\\\/www.packpods.labo.infochartreux.fr\\\/?s={search_term_string}\"},\"query-input\":{\"@type\":\"PropertyValueSpecification\",\"valueRequired\":true,\"valueName\":\"search_term_string\"}}],\"inLanguage\":\"fr-FR\"},{\"@type\":\"Organization\",\"@id\":\"https:\\\/\\\/www.packpods.labo.infochartreux.fr\\\/#organization\",\"name\":\"Packpods\",\"url\":\"https:\\\/\\\/www.packpods.labo.infochartreux.fr\\\/\",\"logo\":{\"@type\":\"ImageObject\",\"inLanguage\":\"fr-FR\",\"@id\":\"https:\\\/\\\/www.packpods.labo.infochartreux.fr\\\/#\\\/schema\\\/logo\\\/image\\\/\",\"url\":\"https:\\\/\\\/www.packpods.labo.infochartreux.fr\\\/wp-content\\\/uploads\\\/2026\\\/03\\\/Capture-decran-2026-03-17-210847.png\",\"contentUrl\":\"https:\\\/\\\/www.packpods.labo.infochartreux.fr\\\/wp-content\\\/uploads\\\/2026\\\/03\\\/Capture-decran-2026-03-17-210847.png\",\"width\":337,\"height\":298,\"caption\":\"Packpods\"},\"image\":{\"@id\":\"https:\\\/\\\/www.packpods.labo.infochartreux.fr\\\/#\\\/schema\\\/logo\\\/image\\\/\"}}]}<\/script>\n<!-- \/ Yoast SEO plugin. -->","yoast_head_json":{"title":"P\u00e2tes aux truffes - Packpods","robots":{"index":"index","follow":"follow","max-snippet":"max-snippet:-1","max-image-preview":"max-image-preview:large","max-video-preview":"max-video-preview:-1"},"canonical":"https:\/\/www.packpods.labo.infochartreux.fr\/?product=faucibus-scelerisque","og_locale":"fr_FR","og_type":"article","og_title":"P\u00e2tes aux truffes - Packpods","og_description":"Des p\u00e2tes cr\u00e9meuses aux ar\u00f4mes raffin\u00e9s de truffe et de parmesan.","og_url":"https:\/\/www.packpods.labo.infochartreux.fr\/?product=faucibus-scelerisque","og_site_name":"Packpods","article_modified_time":"2026-03-11T08:23:59+00:00","og_image":[{"width":553,"height":579,"url":"https:\/\/www.packpods.labo.infochartreux.fr\/wp-content\/uploads\/2022\/05\/Capture-decran-2026-03-11-092317.png","type":"image\/png"}],"twitter_card":"summary_large_image","schema":{"@context":"https:\/\/schema.org","@graph":[{"@type":"WebPage","@id":"https:\/\/www.packpods.labo.infochartreux.fr\/?product=faucibus-scelerisque","url":"https:\/\/www.packpods.labo.infochartreux.fr\/?product=faucibus-scelerisque","name":"P\u00e2tes aux truffes - Packpods","isPartOf":{"@id":"https:\/\/www.packpods.labo.infochartreux.fr\/#website"},"primaryImageOfPage":{"@id":"https:\/\/www.packpods.labo.infochartreux.fr\/?product=faucibus-scelerisque#primaryimage"},"image":{"@id":"https:\/\/www.packpods.labo.infochartreux.fr\/?product=faucibus-scelerisque#primaryimage"},"thumbnailUrl":"https:\/\/www.packpods.labo.infochartreux.fr\/wp-content\/uploads\/2022\/05\/Capture-decran-2026-03-11-092317.png","datePublished":"2022-05-25T08:29:38+00:00","dateModified":"2026-03-11T08:23:59+00:00","breadcrumb":{"@id":"https:\/\/www.packpods.labo.infochartreux.fr\/?product=faucibus-scelerisque#breadcrumb"},"inLanguage":"fr-FR","potentialAction":[{"@type":"ReadAction","target":["https:\/\/www.packpods.labo.infochartreux.fr\/?product=faucibus-scelerisque"]}]},{"@type":"ImageObject","inLanguage":"fr-FR","@id":"https:\/\/www.packpods.labo.infochartreux.fr\/?product=faucibus-scelerisque#primaryimage","url":"https:\/\/www.packpods.labo.infochartreux.fr\/wp-content\/uploads\/2022\/05\/Capture-decran-2026-03-11-092317.png","contentUrl":"https:\/\/www.packpods.labo.infochartreux.fr\/wp-content\/uploads\/2022\/05\/Capture-decran-2026-03-11-092317.png","width":553,"height":579},{"@type":"BreadcrumbList","@id":"https:\/\/www.packpods.labo.infochartreux.fr\/?product=faucibus-scelerisque#breadcrumb","itemListElement":[{"@type":"ListItem","position":1,"name":"Accueil","item":"https:\/\/www.packpods.labo.infochartreux.fr\/"},{"@type":"ListItem","position":2,"name":"Nos pods","item":"https:\/\/www.packpods.labo.infochartreux.fr\/?page_id=33"},{"@type":"ListItem","position":3,"name":"P\u00e2tes aux truffes"}]},{"@type":"WebSite","@id":"https:\/\/www.packpods.labo.infochartreux.fr\/#website","url":"https:\/\/www.packpods.labo.infochartreux.fr\/","name":"Packpods","description":"","publisher":{"@id":"https:\/\/www.packpods.labo.infochartreux.fr\/#organization"},"potentialAction":[{"@type":"SearchAction","target":{"@type":"EntryPoint","urlTemplate":"https:\/\/www.packpods.labo.infochartreux.fr\/?s={search_term_string}"},"query-input":{"@type":"PropertyValueSpecification","valueRequired":true,"valueName":"search_term_string"}}],"inLanguage":"fr-FR"},{"@type":"Organization","@id":"https:\/\/www.packpods.labo.infochartreux.fr\/#organization","name":"Packpods","url":"https:\/\/www.packpods.labo.infochartreux.fr\/","logo":{"@type":"ImageObject","inLanguage":"fr-FR","@id":"https:\/\/www.packpods.labo.infochartreux.fr\/#\/schema\/logo\/image\/","url":"https:\/\/www.packpods.labo.infochartreux.fr\/wp-content\/uploads\/2026\/03\/Capture-decran-2026-03-17-210847.png","contentUrl":"https:\/\/www.packpods.labo.infochartreux.fr\/wp-content\/uploads\/2026\/03\/Capture-decran-2026-03-17-210847.png","width":337,"height":298,"caption":"Packpods"},"image":{"@id":"https:\/\/www.packpods.labo.infochartreux.fr\/#\/schema\/logo\/image\/"}}]}},"_links":{"self":[{"href":"https:\/\/www.packpods.labo.infochartreux.fr\/index.php?rest_route=\/wp\/v2\/product\/117","targetHints":{"allow":["GET"]}}],"collection":[{"href":"https:\/\/www.packpods.labo.infochartreux.fr\/index.php?rest_route=\/wp\/v2\/product"}],"about":[{"href":"https:\/\/www.packpods.labo.infochartreux.fr\/index.php?rest_route=\/wp\/v2\/types\/product"}],"replies":[{"embeddable":true,"href":"https:\/\/www.packpods.labo.infochartreux.fr\/index.php?rest_route=%2Fwp%2Fv2%2Fcomments&post=117"}],"wp:featuredmedia":[{"embeddable":true,"href":"https:\/\/www.packpods.labo.infochartreux.fr\/index.php?rest_route=\/wp\/v2\/media\/1185"}],"wp:attachment":[{"href":"https:\/\/www.packpods.labo.infochartreux.fr\/index.php?rest_route=%2Fwp%2Fv2%2Fmedia&parent=117"}],"wp:term":[{"taxonomy":"product_brand","embeddable":true,"href":"https:\/\/www.packpods.labo.infochartreux.fr\/index.php?rest_route=%2Fwp%2Fv2%2Fproduct_brand&post=117"},{"taxonomy":"product_cat","embeddable":true,"href":"https:\/\/www.packpods.labo.infochartreux.fr\/index.php?rest_route=%2Fwp%2Fv2%2Fproduct_cat&post=117"},{"taxonomy":"product_tag","embeddable":true,"href":"https:\/\/www.packpods.labo.infochartreux.fr\/index.php?rest_route=%2Fwp%2Fv2%2Fproduct_tag&post=117"}],"curies":[{"name":"wp","href":"https:\/\/api.w.org\/{rel}","templated":true}]}}